{"id":25,"date":"2016-02-12T08:13:22","date_gmt":"2016-02-12T08:13:22","guid":{"rendered":"http:\/\/demos.famethemes.com\/onepress\/?page_id=25"},"modified":"2026-02-26T12:16:51","modified_gmt":"2026-02-26T11:16:51","slug":"service-title-3","status":"publish","type":"page","link":"https:\/\/www.tambourcabaret.com\/index.php\/service-title-3\/","title":{"rendered":"CONDITIONS G\u00c9N\u00c9RALES DE VENTE ET D\u2019UTILISATION"},"content":{"rendered":"<p>CONDITIONS G\u00c9N\u00c9RALES DE VENTE ET D\u2019UTILISATION<\/p>\n<p><b>G\u00e9n\u00e9ralit\u00e9s<\/b><\/p>\n<p>Les pr\u00e9sentes conditions g\u00e9n\u00e9rales de vente ont pour objet de r\u00e9gir les relations contractuelles entre la soci\u00e9t\u00e9 SAS Cabaret le tambour et ses clients. Toute commande adress\u00e9e \u00e0 SAS Cabaret le tambour implique l\u2019acceptation de ces conditions.<\/p>\n<p>1) Spectacles<span class=\"Apple-converted-space\">\u00a0<\/span><\/p>\n<p>Les caract\u00e9ristiques des spectacles propos\u00e9s \u00e0 la vente restent la propri\u00e9t\u00e9 intellectuelle du cabaret le tambour.<\/p>\n<p>2) Prix<span class=\"Apple-converted-space\">\u00a0<\/span><\/p>\n<p>Il est appliqu\u00e9 un tarif unique. Les prix indiqu\u00e9s sont valables pour la saison (septembre \u00e0 septembre) en cours. Nos prix sont nets, toutes taxes comprises, en euros tenant compte de la TVA applicable au jour de la commande.<\/p>\n<p>Tout changement de taux pourra \u00eatre r\u00e9percut\u00e9 sur le prix de la prestation. Le cabaret le tambour se r\u00e9serve le droit de modifier ses prix \u00e0 tout moment, \u00e9tant toutefois entendu que le prix figurant sur le contrat ou le devis le jour de la commande sera le seul applicable au client. Toutes consommations non pr\u00e9vues dans le cadre du forfait seront factur\u00e9es en suppl\u00e9ment.<\/p>\n<p>Les boissons comprises dans les formules sont servies uniquement pendant le repas, en dehors de celui-ci toute boisson sera factur\u00e9e en suppl\u00e9ment et payable le jour de la prestation.<\/p>\n<p>3) R\u00e9servation<span class=\"Apple-converted-space\">\u00a0<\/span><\/p>\n<p><b>Pour les Groupes<\/b> : La vente est consid\u00e9r\u00e9e comme r\u00e9alis\u00e9e apr\u00e8s signature du devis.<\/p>\n<p>Il est demand\u00e9 : 50 % d\u2019acompte \u00e0 la signature du devis, et le solde sera \u00e0 r\u00e9gler 1 mois avant la date de prestation pour l\u2019envoi des billets obligatoires \u00e0 l\u2019acc\u00e8s \u00e0 la salle.<\/p>\n<p>Le r\u00e8glement se fera par ch\u00e8que \u00e0 l\u2019ordre du cabaret le tambour ou par virement. Sans acompte ou r\u00e8glement total, le cabaret le tambour se r\u00e9serve le droit d\u2019attribuer les places \u00e0 une autre r\u00e9servation.<\/p>\n<p><b>Pour les particuliers :<\/b> il est demand\u00e9 la totalit\u00e9 du montant de la prestation \u00e0 la r\u00e9servation.<\/p>\n<p>Afin de garantir \u00e0 nos clients une prestation de restauration et un service de qualit\u00e9, les allergies ou r\u00e9gime alimentaire particulier devront \u00eatre signal\u00e9s au moment de la r\u00e9servation aupr\u00e8s du cabaret le tambour et au plus tard 8 jours avant la date de la prestation.<\/p>\n<p>4) Modalit\u00e9s de r\u00e9servation<span class=\"Apple-converted-space\">\u00a0<\/span><\/p>\n<p>Les r\u00e9servations pour l\u2019ensemble des prestations sont possibles en fonction des disponibilit\u00e9s. Pour certaines dates sp\u00e9ciales, ci-apr\u00e8s d\u00e9nomm\u00e9es \u00ab dates festives \u00bb, ces disponibilit\u00e9s peuvent faire l\u2019objet de conditions sp\u00e9cifiques. Liste des dates festives : 14 f\u00e9vrier, 31 d\u00e9cembre et autres suivant la programmation annuelle.<span class=\"Apple-converted-space\">\u00a0<\/span><\/p>\n<p>5) Attribution des tables<span class=\"Apple-converted-space\">\u00a0<\/span><\/p>\n<p>Le choix des tables ne peut \u00eatre impos\u00e9 par le client. C\u2019est le cabaret le tambour, qui, en fonction du volume du groupe, attribue une ou plusieurs tables et la situation au sein de la salle. Toutefois, en cas de mobilit\u00e9 r\u00e9duite ou de mal voyance, le cabaret le tambour fera son possible pour satisfaire \u00e0 la demande.<\/p>\n<p>6) Echange\/Annulation\/R\u00e9tractation<\/p>\n<p>En application des conditions de l\u2019article 221-28 12\u00b0 du Code de la consommation, le client ne b\u00e9n\u00e9ficie pas d\u2019un droit de r\u00e9tractation. Le billet \u00e9mis au titre de la prestation ne peut \u00eatre ni repris, ni rembours\u00e9, ni \u00e9chang\u00e9. Ainsi, si le client annule sa r\u00e9servation, le prix pay\u00e9 par le client au titre du billet restera acquis au cabaret le tambour \u00e0 titre indemnitaire.<\/p>\n<p>Si la date ou l\u2019heure devaient \u00eatre modifi\u00e9s pour quelle raison que ce soit par le cabaret le tambour, les billets ne sont pas rembours\u00e9s, mais valid\u00e9s sur la date et l\u2019heure pr\u00e9vues par le cabaret le tambour.<\/p>\n<p>En cas d\u2019annulation, de report, d\u2019interruption, de modification du programme ou de modification de la distribution, le remboursement (hors frais d\u2019envoi) sera soumis aux seules conditions du cabaret le tambour. aucun frais d\u2019envoi et de gestion ou frais connexe de quelque sorte que ce soit ne sera rembours\u00e9, indemnis\u00e9 ou d\u00e9dommag\u00e9.<\/p>\n<p>Tout d\u00e9jeuner ou d\u00eener spectacle ou spectacle commenc\u00e9 est consid\u00e9r\u00e9 comme consomm\u00e9 et ne donnera lieu \u00e0 aucun remboursement. Les sommes vers\u00e9es \u00e0 titres d\u2019acompte ne sont pas rembours\u00e9es (article 1590 du Code Civil) et aucun remboursement ne pourra \u00eatre pr\u00e9tendu par le client en cas d\u2019annulation.<\/p>\n<p>7) Force majeure<span class=\"Apple-converted-space\">\u00a0<\/span><\/p>\n<ul>\n<li>Est consid\u00e9r\u00e9 comme un cas de force majeure au sens des pr\u00e9sentes conditions g\u00e9n\u00e9rales de vente, tout \u00e9v\u00e9nement, raisonnablement impr\u00e9visible et insurmontable pour le cabaret le tambour rendant impossible ou significativement plus on\u00e9reuse l\u2019ex\u00e9cution de tout ou partie de ses obligations contractuelles au titre de la prestation. Seront notamment consid\u00e9r\u00e9s comme des cas de force majeure, sans que cette liste soit exhaustive, les \u00e9v\u00e9nements suivants : les catastrophes naturelles, les intemp\u00e9ries, incendie, inondation, tremblement de terre, gr\u00e8ve ou tout autre mouvement social, panne d\u2019\u00e9nergie, embargo, sabotage, intervention des autorit\u00e9s civiles ou militaires, actes de guerre, hostilit\u00e9s d\u00e9clar\u00e9es ou non, actes terroristes ou \u00e9meutes.<\/li>\n<li>Le cabaret le tambour ne sera pas consid\u00e9r\u00e9 comme ne respectant pas ses obligations dans le cas o\u00f9 l\u2019ex\u00e9cution de ses obligations au titre de la prestation est entrav\u00e9e, emp\u00each\u00e9e ou retard\u00e9e par un cas de force majeure et sa responsabilit\u00e9 ne saurait, dans ce cas, \u00eatre engag\u00e9e pour quelle cause que ce soit.<\/li>\n<li>Politique de report de date due \u00e0 la Covid-19. Pour toute demande de report de votre r\u00e9servation, vous \u00eates invit\u00e9 \u00e0 vous rapprocher du service r\u00e9servation au 0233203097 au moins 24h avant la date de la repr\u00e9sentation afin de reporter votre r\u00e9servation (sur 12 mois). Le Cabaret le tambour se r\u00e9serve le droit de faire \u00e9voluer cet assouplissement \u00e0 tout moment et sans pr\u00e9avis en r\u00e9f\u00e9rence aux d\u00e9crets gouvernementaux.<\/li>\n<\/ul>\n<p>8) R\u00e8glement int\u00e9rieur<\/p>\n<ul>\n<li>Une tenue correcte est exig\u00e9e et un comportement respectueux, tant des clients que des artistes et membres du personnel du cabaret le tambour est de rigueur.<span class=\"Apple-converted-space\">\u00a0<\/span><\/li>\n<li>La prise de photo et captation vid\u00e9o sont interdites pendant le spectacle pour le respect du droit \u00e0 l\u2019image des artistes.Toutefois, et avec l\u2019accord des artistes seulement, des pauses photographiques seront accord\u00e9es \u00e0 notre client\u00e8le \u00e0 la toute fin du spectacle avec interdiction formelle de diffusion (r\u00e9seaux sociaux et autres) cf. article 226-1 du code p\u00e9nal.<\/li>\n<li>Les t\u00e9l\u00e9phones portables doivent \u00eatre \u00e9teints pendant le spectacle.<\/li>\n<li>Il est rappel\u00e9 que chacun des tableaux (musiques, costumes, mise en sc\u00e8ne, sc\u00e9nographie\u2026) des repr\u00e9sentations du cabaret le tambour est une oeuvre de l\u2019esprit prot\u00e9g\u00e9e en tant que telle par les dispositions des livres I et III du Code de Propri\u00e9t\u00e9 Intellectuelle. Toute reproduction est par cons\u00e9quent rigoureusement interdite.<span class=\"Apple-converted-space\">\u00a0<\/span><\/li>\n<li>Il est \u00e9galement interdit de reproduire les textes, logos, images ou tous autres \u00e9l\u00e9ments figurant sur le site internet du Cabaret le tambour, sur le billet, sur les emails envoy\u00e9s par le Cabaret le tambour ou sur tout autre document \u00e9mis par celui-ci.<\/li>\n<\/ul>\n<p>9) Limitation de responsabilit\u00e9<span class=\"Apple-converted-space\">\u00a0<\/span><\/p>\n<p>En aucun cas, le cabaret le tambour ne pourra \u00eatre tenu responsable des dommages, pertes, vols, \u00e9changes, d\u00e9gradations qui pourraient survenir sur le parking de l\u2019\u00e9tablissement.<\/p>\n<p>10) Conditions de Vente pour les cartes cadeaux<span class=\"Apple-converted-space\">\u00a0<\/span><\/p>\n<p>Les cartes cadeaux sont payables 100% \u00e0 la commande et pourront \u00eatre envoy\u00e9es sous r\u00e9serve d\u2019encaissement du paiement. Les cartes cadeaux ne sont ni remboursables ni \u00e9changeables.\u00a0La date de validit\u00e9 des cartes cadeaux est inscrite sur les billets cadeaux et ne pourra, en aucun cas, aller au del\u00e0 de cette date. Pour le choix de la date, la r\u00e9servation est obligatoire par t\u00e9l\u00e9phone au 02 33 20 30 97 et se fait sous r\u00e9serve des disponibilit\u00e9s, au moins 3 semaines avant la date choisie.<\/p>\n<p>Il est obligatoire de pr\u00e9senter le carton d\u2019invitation \u00e0 l\u2019accueil du Cabaret le tambour, le jour de la prestation.<\/p>\n<p>Les r\u00e9servations enregistr\u00e9es peuvent \u00eatre modifi\u00e9es ou annul\u00e9es au minimum 10 jours avant la date de la repr\u00e9sentation. Si les clients ou les b\u00e9n\u00e9ficiaires ne sont pas pr\u00e9sents le jour de la r\u00e9servation, la carte cadeau n\u2019est ni remboursable, ni \u00e9changeable. Les cartes cadeaux perdues ou vol\u00e9es ne peuvent donner lieu ni \u00e0 un \u00e9change ni \u00e0 un remboursement.<\/p>\n<p>11) Attribution de juridiction<\/p>\n<p>Tout litige qui s\u2019\u00e9l\u00e8verait concernant la validit\u00e9 de la pr\u00e9sente ou l\u2019une de ses stipulations, son interpr\u00e9tation ou son ex\u00e9cution, qui n\u2019aura pas pu \u00eatre r\u00e9solu de mani\u00e8re amiable entre les parties, sera soumis aux juridictions comp\u00e9tentes du lieu du d\u00e9fendeur.<\/p>\n","protected":false},"excerpt":{"rendered":"<p>Morbi in sem quis dui placerat ornare. Pellentesque odio nisi euismod in pharetra a ultricies.<\/p>\n","protected":false},"author":1,"featured_media":0,"parent":0,"menu_order":0,"comment_status":"closed","ping_status":"closed","template":"template-fullwidth.php","meta":{"footnotes":""},"class_list":["post-25","page","type-page","status-publish","hentry"],"_links":{"self":[{"href":"https:\/\/www.tambourcabaret.com\/index.php\/wp-json\/wp\/v2\/pages\/25","targetHints":{"allow":["GET"]}}],"collection":[{"href":"https:\/\/www.tambourcabaret.com\/index.php\/wp-json\/wp\/v2\/pages"}],"about":[{"href":"https:\/\/www.tambourcabaret.com\/index.php\/wp-json\/wp\/v2\/types\/page"}],"author":[{"embeddable":true,"href":"https:\/\/www.tambourcabaret.com\/index.php\/wp-json\/wp\/v2\/users\/1"}],"replies":[{"embeddable":true,"href":"https:\/\/www.tambourcabaret.com\/index.php\/wp-json\/wp\/v2\/comments?post=25"}],"version-history":[{"count":4,"href":"https:\/\/www.tambourcabaret.com\/index.php\/wp-json\/wp\/v2\/pages\/25\/revisions"}],"predecessor-version":[{"id":2032,"href":"https:\/\/www.tambourcabaret.com\/index.php\/wp-json\/wp\/v2\/pages\/25\/revisions\/2032"}],"wp:attachment":[{"href":"https:\/\/www.tambourcabaret.com\/index.php\/wp-json\/wp\/v2\/media?parent=25"}],"curies":[{"name":"wp","href":"https:\/\/api.w.org\/{rel}","templated":true}]}}