{"id":24,"date":"2016-02-12T08:13:06","date_gmt":"2016-02-12T08:13:06","guid":{"rendered":"http:\/\/demos.famethemes.com\/onepress\/?page_id=24"},"modified":"2024-02-07T18:21:04","modified_gmt":"2024-02-07T17:21:04","slug":"ou","status":"publish","type":"page","link":"https:\/\/www.tambourcabaret.com\/index.php\/ou\/","title":{"rendered":"O\u00d9 ET QUI ?"},"content":{"rendered":"<div class=\"wp-block-image\">\n<figure class=\"alignleft is-resized\"><a href=\"https:\/\/goo.gl\/maps\/XTwxLs3fWxT2\"><img loading=\"lazy\" decoding=\"async\" width=\"300\" height=\"229\" src=\"https:\/\/www.tambourcabaret.com\/wp-content\/uploads\/2016\/04\/r-300x229.png\" alt=\"r\" class=\"wp-image-1210\" style=\"width:107px;height:auto\" srcset=\"https:\/\/www.tambourcabaret.com\/wp-content\/uploads\/2016\/04\/r-300x229.png 300w, https:\/\/www.tambourcabaret.com\/wp-content\/uploads\/2016\/04\/r.png 419w\" sizes=\"auto, (max-width: 300px) 100vw, 300px\" \/><\/a><\/figure><\/div>\n\n\n<p>Le cabaret le tambour est situ\u00e9 \u00e0 <a href=\"http:\/\/www.saintvaast.fr\" target=\"_blank\" rel=\"noopener noreferrer\">St Vaast la Hougue<\/a>, ville class\u00e9e au patrimoine mondial de l\u2019Unesco. Tout proche du port d\u2019embarquement pour <a href=\"http:\/\/www.manchetourisme.com\/tatihou\" target=\"_blank\" rel=\"noopener noreferrer\">l\u2019\u00eele de Tatihou<\/a>, du centre ville, et des sites incontournables de la r\u00e9gion (25 mn de la Cit\u00e9 de la Mer \u00e0 Cherbourg, 15 mn des plages d\u2019Utah Beach\u2026) le tambour s\u2019inscrit dans un parcours touristique, culturel et de divertissement.<\/p>\n\n\n\n<div style=\"height:42px\" aria-hidden=\"true\" class=\"wp-block-spacer\"><\/div>\n\n\n\n<h2 class=\"wp-block-heading\">PLAN D&#8217;ACC\u00c8S<\/h2>\n\n\n\n<iframe src=\"https:\/\/www.google.com\/maps\/embed?pb=!1m18!1m12!1m3!1d9485.953830028444!2d-1.289291472909104!3d49.59536286364568!2m3!1f0!2f0!3f0!3m2!1i1024!2i768!4f13.1!3m3!1m2!1s0x480b65d291e59355%3A0x3d1282a525fb7049!2sCabaret%20Le%20Tambour!5e0!3m2!1sfr!2sfr!4v1707315157949!5m2!1sfr!2sfr\" width=\"100%\" height=\"450\" style=\"border:0;\" allowfullscreen=\"\" loading=\"lazy\" referrerpolicy=\"no-referrer-when-downgrade\"><\/iframe>\n\n\n\n<div style=\"height:42px\" aria-hidden=\"true\" class=\"wp-block-spacer\"><\/div>\n\n\n\n<p>Si la cr\u00e9ation artistique est le fer de lance de Corinne, recevoir son public est un v\u00e9ritable enchantement et elle met tout en \u0153uvre pour se pr\u00e9parer \u00e0 le recevoir. De l\u2019accueil \u00e0 l\u2019au revoir, Corinne pr\u00e9pare avec soin toutes les \u00e9tapes de la soir\u00e9e avec en premier lieu, le repas \u00e9labor\u00e9 par le cuisinier du Tambour, la d\u00e9coration soign\u00e9e de la salle o\u00f9 les convives pourront d\u00eener dans un espace chaleureux, intimiste et tout proche des artistes. Si le froufrou des danseuses de Cancan r\u00e9sonne d\u00e9j\u00e0 dans le c\u0153ur du Tambour, Corinne souhaite \u00e9largir l\u2019objet de ce lieu atypique en produisant et diffusant toutes sortes de prestations artistiques et culturelles : th\u00e9\u00e2tre, musique, chanteurs, duos acoustiques et autres, ainsi que des retransmissions t\u00e9l\u00e9visuelles de grands \u00e9v\u00e8nements sportifs, toujours autour d\u2019un repas.<br>Enfin, de par son originalit\u00e9 et son identit\u00e9, Le Tambour sera ouvert \u00e0 la location (mariage, anniversaire, s\u00e9minaires\u2026)<br>Corinne a mis un point d\u2019honneur \u00e0 installer ce bel instrument convivial, touristique et culturel dans la ville de St Vaast la Hougue qui lui est ch\u00e8re et qui accueille son projet avec beaucoup d\u2019enthousiasme.<\/p>\n\n\n\n<p>sas Cabaret Le Tambour licences : 1-1093014 \/ 2-1093012 \/ 3-1093013<br>photo droits r\u00e9serv\u00e9s : <a href=\"http:\/\/www.stevenpaters.com\" target=\"_blank\" rel=\"noopener noreferrer\">stevenpaters.com<\/a> &#8211; conception graphique : <a href=\"http:\/\/www.kafecreme.com\" target=\"_blank\" rel=\"noopener noreferrer\">kafecreme.com<\/a><\/p>\n","protected":false},"excerpt":{"rendered":"<p>Morbi in sem quis dui placerat ornare. Pellentesque odio nisi euismod in pharetra a ultricies.<\/p>\n","protected":false},"author":1,"featured_media":0,"parent":0,"menu_order":0,"comment_status":"closed","ping_status":"closed","template":"template-fullwidth.php","meta":{"footnotes":""},"class_list":["post-24","page","type-page","status-publish","hentry"],"_links":{"self":[{"href":"https:\/\/www.tambourcabaret.com\/index.php\/wp-json\/wp\/v2\/pages\/24","targetHints":{"allow":["GET"]}}],"collection":[{"href":"https:\/\/www.tambourcabaret.com\/index.php\/wp-json\/wp\/v2\/pages"}],"about":[{"href":"https:\/\/www.tambourcabaret.com\/index.php\/wp-json\/wp\/v2\/types\/page"}],"author":[{"embeddable":true,"href":"https:\/\/www.tambourcabaret.com\/index.php\/wp-json\/wp\/v2\/users\/1"}],"replies":[{"embeddable":true,"href":"https:\/\/www.tambourcabaret.com\/index.php\/wp-json\/wp\/v2\/comments?post=24"}],"version-history":[{"count":16,"href":"https:\/\/www.tambourcabaret.com\/index.php\/wp-json\/wp\/v2\/pages\/24\/revisions"}],"predecessor-version":[{"id":1956,"href":"https:\/\/www.tambourcabaret.com\/index.php\/wp-json\/wp\/v2\/pages\/24\/revisions\/1956"}],"wp:attachment":[{"href":"https:\/\/www.tambourcabaret.com\/index.php\/wp-json\/wp\/v2\/media?parent=24"}],"curies":[{"name":"wp","href":"https:\/\/api.w.org\/{rel}","templated":true}]}}