{"id":23,"date":"2016-02-12T08:12:49","date_gmt":"2016-02-12T08:12:49","guid":{"rendered":"http:\/\/demos.famethemes.com\/onepress\/?page_id=23"},"modified":"2024-02-08T10:08:48","modified_gmt":"2024-02-08T09:08:48","slug":"service-title-1","status":"publish","type":"page","link":"https:\/\/www.tambourcabaret.com\/index.php\/service-title-1\/","title":{"rendered":"Louez le cabaret"},"content":{"rendered":"<div class=\"wp-block-image\">\n<figure class=\"alignright size-large is-resized\"><img loading=\"lazy\" decoding=\"async\" width=\"1024\" height=\"576\" src=\"https:\/\/www.tambourcabaret.com\/wp-content\/uploads\/2024\/02\/reserver-cabaret-tambour1-1024x576.jpg\" alt=\"\" class=\"wp-image-1924\" style=\"width:391px;height:auto\" srcset=\"https:\/\/www.tambourcabaret.com\/wp-content\/uploads\/2024\/02\/reserver-cabaret-tambour1-1024x576.jpg 1024w, https:\/\/www.tambourcabaret.com\/wp-content\/uploads\/2024\/02\/reserver-cabaret-tambour1-300x169.jpg 300w, https:\/\/www.tambourcabaret.com\/wp-content\/uploads\/2024\/02\/reserver-cabaret-tambour1-768x432.jpg 768w, https:\/\/www.tambourcabaret.com\/wp-content\/uploads\/2024\/02\/reserver-cabaret-tambour1-1536x864.jpg 1536w, https:\/\/www.tambourcabaret.com\/wp-content\/uploads\/2024\/02\/reserver-cabaret-tambour1.jpg 1920w\" sizes=\"auto, (max-width: 1024px) 100vw, 1024px\" \/><\/figure><\/div>\n\n\n<p>Le tambour est \u00e0 votre disposition pour l&#8217;organisation de vos r\u00e9ceptions ou \u00e9v\u00e8nements (mariage, anniversaire, s\u00e9minaire\u2026)<br><\/p>\n\n\n\n<p><strong>Renseignements :<\/strong> <\/p>\n\n\n\n<p><a href=\"tel:+33233203097\">02 33 20 30 97<\/a><br><a href=\"mailto:contact@tambourcabaret.com\">contact@tambourcabaret.com<\/a><\/p>\n\n\n\n<h3 class=\"wp-block-heading\">TARIFS :<\/h3>\n\n\n<div class=\"wp-block-image\">\n<figure class=\"alignright size-large is-resized\"><img loading=\"lazy\" decoding=\"async\" width=\"768\" height=\"1024\" src=\"https:\/\/www.tambourcabaret.com\/wp-content\/uploads\/2024\/02\/reserver-cabaret-tambour2-768x1024.jpg\" alt=\"\" class=\"wp-image-1927\" style=\"width:389px;height:auto\" srcset=\"https:\/\/www.tambourcabaret.com\/wp-content\/uploads\/2024\/02\/reserver-cabaret-tambour2-768x1024.jpg 768w, https:\/\/www.tambourcabaret.com\/wp-content\/uploads\/2024\/02\/reserver-cabaret-tambour2-225x300.jpg 225w, https:\/\/www.tambourcabaret.com\/wp-content\/uploads\/2024\/02\/reserver-cabaret-tambour2-1152x1536.jpg 1152w, https:\/\/www.tambourcabaret.com\/wp-content\/uploads\/2024\/02\/reserver-cabaret-tambour2.jpg 1440w\" sizes=\"auto, (max-width: 768px) 100vw, 768px\" \/><\/figure><\/div>\n\n\n<p><strong>D\u00e9signation<\/strong><br>Location salle + toilettes + jardin + parking 700 \u20ac<br>Location barnum blanc ext\u00e9rieur 100 \u20ac<br>cuisine 70 \u20ac<br>Loge + sc\u00e8ne 70 \u20ac<br><strong>Location compl\u00e8te 900 \u20ac<\/strong><\/p>\n\n\n\n<p><strong>Mat\u00e9riel<\/strong><br>Son\/lumi\u00e8re 300 \u20ac<br>Ecran + vid\u00e9o projecteur 200 \u20ac<br>Droit de couvert 5 \u20ac\/pers<br>Droit de bouchon 3 \u20ac\/pers<br>Table 3,30 \u20ac<br>Chaise 0,50 \u20ac\/pers<br>Banc 0,50 \u20ac<br>Assiettes + couverts + verres 1,25 \u20ac\/pers<\/p>\n\n\n\n<p><strong>Personnel et Prestations<\/strong><br>Cuisinier 150 \u20ac<br>Serveur 150 \u20ac<br>Cocktail\/ap\u00e9ritif dinatoire 17 \u20ac\/pers<br>Repas 25 \u20ac\/pers<br>Piano Bar 450 \u20ac<br>(musique d&#8217;ambiance pendant le repas)<\/p>\n\n\n\n<p><strong>M\u00e9nage 200 \u20ac<\/strong><br>Electricit\u00e9 forfait 8H 100 \u20ac<br>Chauffage forfait 8H 150 \u20ac<\/p>\n\n\n\n<p><\/p>\n\n\n\n<figure class=\"wp-block-gallery has-nested-images columns-default is-cropped wp-block-gallery-1 is-layout-flex wp-block-gallery-is-layout-flex\">\n<figure class=\"wp-block-image size-large\"><img loading=\"lazy\" decoding=\"async\" width=\"1024\" height=\"768\" data-id=\"1926\" src=\"https:\/\/www.tambourcabaret.com\/wp-content\/uploads\/2024\/02\/reserver-cabaret-tambour3-1024x768.jpg\" alt=\"\" class=\"wp-image-1926\" srcset=\"https:\/\/www.tambourcabaret.com\/wp-content\/uploads\/2024\/02\/reserver-cabaret-tambour3-1024x768.jpg 1024w, https:\/\/www.tambourcabaret.com\/wp-content\/uploads\/2024\/02\/reserver-cabaret-tambour3-300x225.jpg 300w, https:\/\/www.tambourcabaret.com\/wp-content\/uploads\/2024\/02\/reserver-cabaret-tambour3-768x576.jpg 768w, https:\/\/www.tambourcabaret.com\/wp-content\/uploads\/2024\/02\/reserver-cabaret-tambour3-1536x1152.jpg 1536w, https:\/\/www.tambourcabaret.com\/wp-content\/uploads\/2024\/02\/reserver-cabaret-tambour3.jpg 1920w\" sizes=\"auto, (max-width: 1024px) 100vw, 1024px\" \/><\/figure>\n\n\n\n<figure class=\"wp-block-image size-large\"><img loading=\"lazy\" decoding=\"async\" width=\"1024\" height=\"768\" data-id=\"1925\" src=\"https:\/\/www.tambourcabaret.com\/wp-content\/uploads\/2024\/02\/reserver-cabaret-tambour4-1024x768.jpg\" alt=\"\" class=\"wp-image-1925\" srcset=\"https:\/\/www.tambourcabaret.com\/wp-content\/uploads\/2024\/02\/reserver-cabaret-tambour4-1024x768.jpg 1024w, https:\/\/www.tambourcabaret.com\/wp-content\/uploads\/2024\/02\/reserver-cabaret-tambour4-300x225.jpg 300w, https:\/\/www.tambourcabaret.com\/wp-content\/uploads\/2024\/02\/reserver-cabaret-tambour4-768x576.jpg 768w, https:\/\/www.tambourcabaret.com\/wp-content\/uploads\/2024\/02\/reserver-cabaret-tambour4-1536x1152.jpg 1536w, https:\/\/www.tambourcabaret.com\/wp-content\/uploads\/2024\/02\/reserver-cabaret-tambour4.jpg 1920w\" sizes=\"auto, (max-width: 1024px) 100vw, 1024px\" \/><\/figure>\n<\/figure>\n","protected":false},"excerpt":{"rendered":"<p>Morbi in sem quis dui placerat ornare. Pellentesque odio nisi euismod in pharetra a ultricies.<\/p>\n","protected":false},"author":1,"featured_media":0,"parent":0,"menu_order":0,"comment_status":"closed","ping_status":"closed","template":"template-fullwidth.php","meta":{"footnotes":""},"class_list":["post-23","page","type-page","status-publish","hentry"],"_links":{"self":[{"href":"https:\/\/www.tambourcabaret.com\/index.php\/wp-json\/wp\/v2\/pages\/23","targetHints":{"allow":["GET"]}}],"collection":[{"href":"https:\/\/www.tambourcabaret.com\/index.php\/wp-json\/wp\/v2\/pages"}],"about":[{"href":"https:\/\/www.tambourcabaret.com\/index.php\/wp-json\/wp\/v2\/types\/page"}],"author":[{"embeddable":true,"href":"https:\/\/www.tambourcabaret.com\/index.php\/wp-json\/wp\/v2\/users\/1"}],"replies":[{"embeddable":true,"href":"https:\/\/www.tambourcabaret.com\/index.php\/wp-json\/wp\/v2\/comments?post=23"}],"version-history":[{"count":12,"href":"https:\/\/www.tambourcabaret.com\/index.php\/wp-json\/wp\/v2\/pages\/23\/revisions"}],"predecessor-version":[{"id":1971,"href":"https:\/\/www.tambourcabaret.com\/index.php\/wp-json\/wp\/v2\/pages\/23\/revisions\/1971"}],"wp:attachment":[{"href":"https:\/\/www.tambourcabaret.com\/index.php\/wp-json\/wp\/v2\/media?parent=23"}],"curies":[{"name":"wp","href":"https:\/\/api.w.org\/{rel}","templated":true}]}}