{"id":17,"date":"2016-02-12T08:09:36","date_gmt":"2016-02-12T08:09:36","guid":{"rendered":"http:\/\/demos.famethemes.com\/onepress\/?page_id=17"},"modified":"2016-08-30T09:56:40","modified_gmt":"2016-08-30T08:56:40","slug":"our-history","status":"publish","type":"page","link":"https:\/\/www.tambourcabaret.com\/index.php\/our-history\/","title":{"rendered":"UNE HISTOIRE"},"content":{"rendered":"<p>Forte de son exp\u00e9rience sc\u00e9nique et passionn\u00e9e par le spectacle vivant depuis sa plus tendre enfance, le projet personnel et professionnel de Corinne FREMY va se concr\u00e9tiser avec la cr\u00e9ation du Cabaret \u00ab Le Tambour \u00bb \u00e0 St Vaast la Hougue, za du Pont des Bernes. Et d\u2019ici quelques semaines, lorsque celui-ci ouvrira ses portes, Corinne fera battre son Tambour, avec, pour la premi\u00e8re saison, une programmation de d\u00eeners\/spectacles de Cabaret avec des artistes professionnels, les vendredis et samedis soirs.<\/p>\n<p><a href=\"https:\/\/www.weezevent.com\/widget_multi.php?75204.1.1\"><strong>R\u00c9SERVER UNE PLACE POUR UN SPECTACLE ICI<\/strong><\/a><\/p>\n","protected":false},"excerpt":{"rendered":"<p>Nullam ut tempor eros. Donec faucibus, velit et imperdiet aliquam, lacus velit luctus urna, vitae porttitor orci libero id felis.<\/p>\n","protected":false},"author":1,"featured_media":1219,"parent":0,"menu_order":0,"comment_status":"closed","ping_status":"closed","template":"","meta":{"footnotes":""},"class_list":["post-17","page","type-page","status-publish","has-post-thumbnail","hentry"],"_links":{"self":[{"href":"https:\/\/www.tambourcabaret.com\/index.php\/wp-json\/wp\/v2\/pages\/17","targetHints":{"allow":["GET"]}}],"collection":[{"href":"https:\/\/www.tambourcabaret.com\/index.php\/wp-json\/wp\/v2\/pages"}],"about":[{"href":"https:\/\/www.tambourcabaret.com\/index.php\/wp-json\/wp\/v2\/types\/page"}],"author":[{"embeddable":true,"href":"https:\/\/www.tambourcabaret.com\/index.php\/wp-json\/wp\/v2\/users\/1"}],"replies":[{"embeddable":true,"href":"https:\/\/www.tambourcabaret.com\/index.php\/wp-json\/wp\/v2\/comments?post=17"}],"version-history":[{"count":2,"href":"https:\/\/www.tambourcabaret.com\/index.php\/wp-json\/wp\/v2\/pages\/17\/revisions"}],"predecessor-version":[{"id":1259,"href":"https:\/\/www.tambourcabaret.com\/index.php\/wp-json\/wp\/v2\/pages\/17\/revisions\/1259"}],"wp:featuredmedia":[{"embeddable":true,"href":"https:\/\/www.tambourcabaret.com\/index.php\/wp-json\/wp\/v2\/media\/1219"}],"wp:attachment":[{"href":"https:\/\/www.tambourcabaret.com\/index.php\/wp-json\/wp\/v2\/media?parent=17"}],"curies":[{"name":"wp","href":"https:\/\/api.w.org\/{rel}","templated":true}]}}